{"id":1287,"date":"2024-08-05T14:27:11","date_gmt":"2024-08-05T14:27:11","guid":{"rendered":"https:\/\/plaza-a-coruna.ms2.decms.eu\/grupos\/"},"modified":"2024-10-29T11:32:40","modified_gmt":"2024-10-29T11:32:40","slug":"groups","status":"publish","type":"page","link":"https:\/\/www.hotelplaza.es\/en\/groups\/","title":{"rendered":"Groups"},"content":{"rendered":"<p>Whether you are organizing a trip with a tourist group coming to the city for an excursion, a company incentive trip, a trip due to a high performance sports competition, a congress, etc<\/p>\n","protected":false},"excerpt":{"rendered":"<p>Whether you are organizing a trip with a tourist group coming to the city for an excursion, a company incentive trip, a trip due to a high performance sports competition, a congress, etc<\/p>\n","protected":false},"author":8,"featured_media":0,"parent":0,"menu_order":44,"comment_status":"closed","ping_status":"closed","template":"template-default-2.php","meta":{"footnotes":""},"class_list":["post-1287","page","type-page","status-publish","hentry"],"yoast_head":"<!-- This site is optimized with the Yoast SEO plugin v27.3 - https:\/\/yoast.com\/product\/yoast-seo-wordpress\/ -->\n<title>Groups ~ Plaza Hotel SPA ~<\/title>\n<meta name=\"description\" content=\"Hotel Avenida en A Coru\u00f1a: alojamiento ideal para grupos con servicio personalizado, ubicaci\u00f3n estrat\u00e9gica, salones exclusivos y flexibilidad en pagos. Perfecto para eventos, congresos y competiciones.\" \/>\n<meta name=\"robots\" content=\"index, follow, max-snippet:-1, max-image-preview:large, max-video-preview:-1\" \/>\n<link rel=\"canonical\" href=\"https:\/\/www.hotelplaza.es\/en\/groups\/\" \/>\n<meta property=\"og:locale\" content=\"en_US\" \/>\n<meta property=\"og:type\" content=\"article\" \/>\n<meta property=\"og:title\" content=\"Groups ~ Plaza Hotel SPA ~\" \/>\n<meta property=\"og:description\" content=\"Hotel Avenida en A Coru\u00f1a: alojamiento ideal para grupos con servicio personalizado, ubicaci\u00f3n estrat\u00e9gica, salones exclusivos y flexibilidad en pagos. Perfecto para eventos, congresos y competiciones.\" \/>\n<meta property=\"og:url\" content=\"https:\/\/www.hotelplaza.es\/en\/groups\/\" \/>\n<meta property=\"og:site_name\" content=\"Plaza Hotel SPA\" \/>\n<meta property=\"article:publisher\" content=\"https:\/\/www.facebook.com\/HOTELPLAZACORUNA\" \/>\n<meta property=\"article:modified_time\" content=\"2024-10-29T11:32:40+00:00\" \/>\n<meta name=\"twitter:card\" content=\"summary_large_image\" \/>\n<meta name=\"twitter:site\" content=\"@plazacoruna\" \/>\n<meta name=\"twitter:label1\" content=\"Est. reading time\" \/>\n\t<meta name=\"twitter:data1\" content=\"1 minute\" \/>\n<script type=\"application\/ld+json\" class=\"yoast-schema-graph\">{\"@context\":\"https:\\\/\\\/schema.org\",\"@graph\":[{\"@type\":\"WebPage\",\"@id\":\"https:\\\/\\\/www.hotelplaza.es\\\/en\\\/groups\\\/\",\"url\":\"https:\\\/\\\/www.hotelplaza.es\\\/en\\\/groups\\\/\",\"name\":\"Groups ~ Plaza Hotel SPA ~\",\"isPartOf\":{\"@id\":\"https:\\\/\\\/www.hotelplaza.es\\\/en\\\/#website\"},\"datePublished\":\"2024-08-05T14:27:11+00:00\",\"dateModified\":\"2024-10-29T11:32:40+00:00\",\"description\":\"Hotel Avenida en A Coru\u00f1a: alojamiento ideal para grupos con servicio personalizado, ubicaci\u00f3n estrat\u00e9gica, salones exclusivos y flexibilidad en pagos. Perfecto para eventos, congresos y competiciones.\",\"breadcrumb\":{\"@id\":\"https:\\\/\\\/www.hotelplaza.es\\\/en\\\/groups\\\/#breadcrumb\"},\"inLanguage\":\"en-US\",\"potentialAction\":[{\"@type\":\"ReadAction\",\"target\":[\"https:\\\/\\\/www.hotelplaza.es\\\/en\\\/groups\\\/\"]}]},{\"@type\":\"BreadcrumbList\",\"@id\":\"https:\\\/\\\/www.hotelplaza.es\\\/en\\\/groups\\\/#breadcrumb\",\"itemListElement\":[{\"@type\":\"ListItem\",\"position\":1,\"name\":\"Home\",\"item\":\"https:\\\/\\\/www.hotelplaza.es\\\/en\\\/\"},{\"@type\":\"ListItem\",\"position\":2,\"name\":\"Groups\"}]},{\"@type\":\"WebSite\",\"@id\":\"https:\\\/\\\/www.hotelplaza.es\\\/en\\\/#website\",\"url\":\"https:\\\/\\\/www.hotelplaza.es\\\/en\\\/\",\"name\":\"Plaza Hotel SPA\",\"description\":\"\",\"publisher\":{\"@id\":\"https:\\\/\\\/www.hotelplaza.es\\\/en\\\/#organization\"},\"potentialAction\":[{\"@type\":\"SearchAction\",\"target\":{\"@type\":\"EntryPoint\",\"urlTemplate\":\"https:\\\/\\\/www.hotelplaza.es\\\/en\\\/?s={search_term_string}\"},\"query-input\":{\"@type\":\"PropertyValueSpecification\",\"valueRequired\":true,\"valueName\":\"search_term_string\"}}],\"inLanguage\":\"en-US\"},{\"@type\":\"Organization\",\"@id\":\"https:\\\/\\\/www.hotelplaza.es\\\/en\\\/#organization\",\"name\":\"Plaza Hotel SPA\",\"url\":\"https:\\\/\\\/www.hotelplaza.es\\\/en\\\/\",\"logo\":{\"@type\":\"ImageObject\",\"inLanguage\":\"en-US\",\"@id\":\"https:\\\/\\\/www.hotelplaza.es\\\/en\\\/#\\\/schema\\\/logo\\\/image\\\/\",\"url\":\"https:\\\/\\\/www.hotelplaza.es\\\/wp-content\\\/uploads\\\/sites\\\/145\\\/2024\\\/05\\\/HotelPlaza_BrandPack-logo.png\",\"contentUrl\":\"https:\\\/\\\/www.hotelplaza.es\\\/wp-content\\\/uploads\\\/sites\\\/145\\\/2024\\\/05\\\/HotelPlaza_BrandPack-logo.png\",\"width\":2200,\"height\":868,\"caption\":\"Plaza Hotel SPA\"},\"image\":{\"@id\":\"https:\\\/\\\/www.hotelplaza.es\\\/en\\\/#\\\/schema\\\/logo\\\/image\\\/\"},\"sameAs\":[\"https:\\\/\\\/www.facebook.com\\\/HOTELPLAZACORUNA\",\"https:\\\/\\\/x.com\\\/plazacoruna\",\"https:\\\/\\\/www.instagram.com\\\/hotelplaza_coruna\\\/\"]}]}<\/script>\n<!-- \/ Yoast SEO plugin. -->","yoast_head_json":{"title":"Groups ~ Plaza Hotel SPA ~","description":"Hotel Avenida en A Coru\u00f1a: alojamiento ideal para grupos con servicio personalizado, ubicaci\u00f3n estrat\u00e9gica, salones exclusivos y flexibilidad en pagos. Perfecto para eventos, congresos y competiciones.","robots":{"index":"index","follow":"follow","max-snippet":"max-snippet:-1","max-image-preview":"max-image-preview:large","max-video-preview":"max-video-preview:-1"},"canonical":"https:\/\/www.hotelplaza.es\/en\/groups\/","og_locale":"en_US","og_type":"article","og_title":"Groups ~ Plaza Hotel SPA ~","og_description":"Hotel Avenida en A Coru\u00f1a: alojamiento ideal para grupos con servicio personalizado, ubicaci\u00f3n estrat\u00e9gica, salones exclusivos y flexibilidad en pagos. Perfecto para eventos, congresos y competiciones.","og_url":"https:\/\/www.hotelplaza.es\/en\/groups\/","og_site_name":"Plaza Hotel SPA","article_publisher":"https:\/\/www.facebook.com\/HOTELPLAZACORUNA","article_modified_time":"2024-10-29T11:32:40+00:00","twitter_card":"summary_large_image","twitter_site":"@plazacoruna","twitter_misc":{"Est. reading time":"1 minute"},"schema":{"@context":"https:\/\/schema.org","@graph":[{"@type":"WebPage","@id":"https:\/\/www.hotelplaza.es\/en\/groups\/","url":"https:\/\/www.hotelplaza.es\/en\/groups\/","name":"Groups ~ Plaza Hotel SPA ~","isPartOf":{"@id":"https:\/\/www.hotelplaza.es\/en\/#website"},"datePublished":"2024-08-05T14:27:11+00:00","dateModified":"2024-10-29T11:32:40+00:00","description":"Hotel Avenida en A Coru\u00f1a: alojamiento ideal para grupos con servicio personalizado, ubicaci\u00f3n estrat\u00e9gica, salones exclusivos y flexibilidad en pagos. Perfecto para eventos, congresos y competiciones.","breadcrumb":{"@id":"https:\/\/www.hotelplaza.es\/en\/groups\/#breadcrumb"},"inLanguage":"en-US","potentialAction":[{"@type":"ReadAction","target":["https:\/\/www.hotelplaza.es\/en\/groups\/"]}]},{"@type":"BreadcrumbList","@id":"https:\/\/www.hotelplaza.es\/en\/groups\/#breadcrumb","itemListElement":[{"@type":"ListItem","position":1,"name":"Home","item":"https:\/\/www.hotelplaza.es\/en\/"},{"@type":"ListItem","position":2,"name":"Groups"}]},{"@type":"WebSite","@id":"https:\/\/www.hotelplaza.es\/en\/#website","url":"https:\/\/www.hotelplaza.es\/en\/","name":"Plaza Hotel SPA","description":"","publisher":{"@id":"https:\/\/www.hotelplaza.es\/en\/#organization"},"potentialAction":[{"@type":"SearchAction","target":{"@type":"EntryPoint","urlTemplate":"https:\/\/www.hotelplaza.es\/en\/?s={search_term_string}"},"query-input":{"@type":"PropertyValueSpecification","valueRequired":true,"valueName":"search_term_string"}}],"inLanguage":"en-US"},{"@type":"Organization","@id":"https:\/\/www.hotelplaza.es\/en\/#organization","name":"Plaza Hotel SPA","url":"https:\/\/www.hotelplaza.es\/en\/","logo":{"@type":"ImageObject","inLanguage":"en-US","@id":"https:\/\/www.hotelplaza.es\/en\/#\/schema\/logo\/image\/","url":"https:\/\/www.hotelplaza.es\/wp-content\/uploads\/sites\/145\/2024\/05\/HotelPlaza_BrandPack-logo.png","contentUrl":"https:\/\/www.hotelplaza.es\/wp-content\/uploads\/sites\/145\/2024\/05\/HotelPlaza_BrandPack-logo.png","width":2200,"height":868,"caption":"Plaza Hotel SPA"},"image":{"@id":"https:\/\/www.hotelplaza.es\/en\/#\/schema\/logo\/image\/"},"sameAs":["https:\/\/www.facebook.com\/HOTELPLAZACORUNA","https:\/\/x.com\/plazacoruna","https:\/\/www.instagram.com\/hotelplaza_coruna\/"]}]}},"acf":[],"_links":{"self":[{"href":"https:\/\/www.hotelplaza.es\/en\/wp-json\/wp\/v2\/pages\/1287","targetHints":{"allow":["GET"]}}],"collection":[{"href":"https:\/\/www.hotelplaza.es\/en\/wp-json\/wp\/v2\/pages"}],"about":[{"href":"https:\/\/www.hotelplaza.es\/en\/wp-json\/wp\/v2\/types\/page"}],"author":[{"embeddable":true,"href":"https:\/\/www.hotelplaza.es\/en\/wp-json\/wp\/v2\/users\/8"}],"replies":[{"embeddable":true,"href":"https:\/\/www.hotelplaza.es\/en\/wp-json\/wp\/v2\/comments?post=1287"}],"version-history":[{"count":0,"href":"https:\/\/www.hotelplaza.es\/en\/wp-json\/wp\/v2\/pages\/1287\/revisions"}],"wp:attachment":[{"href":"https:\/\/www.hotelplaza.es\/en\/wp-json\/wp\/v2\/media?parent=1287"}],"curies":[{"name":"wp","href":"https:\/\/api.w.org\/{rel}","templated":true}]}}