{"id":1066,"date":"2024-05-27T12:56:20","date_gmt":"2024-05-27T12:56:20","guid":{"rendered":"https:\/\/plaza-a-coruna.ms2.decms.eu\/?page_id=1066"},"modified":"2024-05-27T13:00:32","modified_gmt":"2024-05-27T13:00:32","slug":"cookie-policy","status":"publish","type":"page","link":"https:\/\/www.hotelplaza.es\/en\/cookie-policy\/","title":{"rendered":"Cookie policy"},"content":{"rendered":"<p>Informaci\u00f3n detallada del tratamiento de los Datos Personales<\/p>\n<p>Se recogen Datos Personales para las siguientes finalidades y utilizando los siguientes servicios: Estad\u00edsticas<\/p>\n<p>Los servicios contenidos en esta secci\u00f3n permiten al Titular monitorizar y analizar el tr\u00e1fico web y pueden ser utilizados para rastrear el comportamiento del Usuario.<\/p>\n<div id=\"macaron_inline_cookie_box\"><\/div>\n<p>&nbsp;<\/p>\n<p><strong>Google Analytics (Google Inc.)<\/strong><\/p>\n<p>Google Analytics es un servicio de an\u00e1lisis web prestado por Google Inc. (\u201cGoogle\u201d). Google utiliza los Datos recogidos para rastrear y examinar el uso de esta P\u00e1gina Web, para preparar informes de sus actividades y compartirlos con otros servicios de Google.<\/p>\n<p>Google puede utilizar los Datos recogidos para contextualizar y personalizar los anuncios de su propia red de publicidad.<\/p>\n<p>Datos Personales recogidos: Cookie y Datos de Uso.<\/p>\n<p>Lugar de tratamiento: EE.UU. \u2014 <u>Pol\u00edtica de privacidad<\/u> (<u>https:\/\/poIicies.googIe.com\/privacy*hI=es<\/u>) \u2014<u>Opt Out<\/u> (<u>https:\/\/tools.googIe.com\/dIpage\/gaoptout?hI=es<\/u>)<\/p>\n<p><strong>Interacci\u00f3n con redes sociales y plataformas externas<\/strong><br \/>\nEste tipo de servicios permiten interactuar con redes sociales u otras plataformas externas directamente desde las p\u00e1ginas de esta P\u00e1gina Web.<\/p>\n<p>Las interacciones y la informaci\u00f3n obtenida por esta P\u00e1gina Web siempre estar\u00e1n sometidas a la configuraci\u00f3n de privacidad del Usuario en cada red social.<\/p>\n<p>En caso de que se instale un servicio que permita interactuar con redes sociales, es posible que aunque los Usuarios no utilicen el servicio, \u00e9ste recoja datos de tr\u00e1fico web relativos a las p\u00e1ginas en las que est\u00e9n instalados.<\/p>\n<p>Bot\u00f3n \u201cMe gusta\u201d y widgets sociales de Facebook<\/p>\n<p>El bot\u00f3n \u201cMe gusta\u201d y los widgets sociales de Facebook son servicios de interacci\u00f3n con la red social Facebook, prestados por Facebook, Inc.<\/p>\n<p>Datos Personales recogidos: Cookie y Datos de Uso.<\/p>\n<p>Lugar de tratamiento: EE.UU. \u2014 Pol\u00edtica de privacidad (<a href=\"http:\/\/www.facebook.com\/privacy\/explanation)\">https:\/\/www.facebook.com\/privacy\/explanation<\/a>)<\/p>\n<p>Bot\u00f3n Tweet y widgets sociales de Twitter (Twitter, Inc.)<\/p>\n<p>El bot\u00f3n Tweet y los widgets sociales de Twitter son servicios de interacci\u00f3n con la red social Twitter, prestados por Twitter, Inc.<\/p>\n<p>Datos Personales recogidos: Cookie y Datos de uso.<\/p>\n<p>Lugar de tratamiento: EE.UU. \u2014 <u>https:\/\/twitter.com\/es\/privacy<\/u><\/p>\n<p><strong>Visualizar contenidos de plataformas externas<\/strong><\/p>\n<p>Este tipo de servicios permiten visualizar contenidos alojados en plataformas externas directamente desde las p\u00e1ginas de esta P\u00e1gina Web e interactuar con estos.<\/p>\n<p>En caso de que se instale uno de estos servicios, es posible que aunque los Usuarios no utilicen el servicio, \u00e9ste recoja datos de tr\u00e1fico web relativos a las p\u00e1ginas en las que est\u00e9n instalados.<\/p>\n<p>Widget V\u00eddeo YouTube (Google Inc.)<\/p>\n<p>YouTube es un servicio de visualizaci\u00f3n de v\u00eddeo prestado por Google Inc. que permite a esta P\u00e1gina Web incorporar tales contenidos en las propias p\u00e1ginas.<\/p>\n<p>Datos Personales recogidos: Cookie y Datos de Uso.<\/p>\n<p>Lugar de tratamiento: EE.UU. \u2014 <a href=\"http:\/\/www.youtube.com\/intI\/ALL\">https:\/\/www.youtube.com\/intI\/ALL<\/a> es\/howyoutubeworks\/user-settings\/privacy\/<\/p>\n<p>&nbsp;<\/p>\n<p><strong>Widget Google Maps (Google Inc.)<\/strong><\/p>\n<p>Google Maps es un servicio de visualizaci\u00f3n de mapas prestado por Google Inc. que permite a esta P\u00e1gina Web incorporar tales contenidos en las propias p\u00e1ginas.<\/p>\n<p>Datos Personales recogidos: Cookie y Datos de Uso.<\/p>\n<p>Lugar de tratamiento: EE.UU. \u2014 https:\/\/poIicies.googIe.com\/technoIogies\/Iocation-data?hI=en-US Widget Instagram (Instagram, Inc.)<\/p>\n<p>Instagram es un servicio de visualizaci\u00f3n de im\u00e1genes operado por Instagram, Inc. que permite a esta Aplicaci\u00f3n integrar este contenido en sus propias p\u00e1ginas.<\/p>\n<p>Datos Personales recogidos: Cookies y Datos de uso.<\/p>\n<p>Lugar del tratamiento: Estados Unidos \u2014 https:\/\/heIp.instagram.com\/519522125107875\/?maybe_redirect_pol=0<\/p>\n<p>\u00bfC\u00f3mo administrar las cookies*<\/p>\n<p>El usuario tiene la opci\u00f3n de permitir, bloquear o eliminar las cookies instaladas en su dispositivo a trav\u00e9s del siguiente panel de configuraci\u00f3n: <u>AJUSTES<\/u><\/p>\n<p>Adem\u00e1s, el usuario tiene la opci\u00f3n de permitir, bloquear o eliminar las cookies instaladas en su equipo mediante la configuraci\u00f3n de las opciones del navegador instalado en su terminal. Para obtener m\u00e1s informaci\u00f3n, consulte las instrucciones y manuales de su navegador para ampliar esta informaci\u00f3n:<\/p>\n<p>Google Chrome: <u>https:\/\/support.googIe.com\/chrome\/answer\/95647?hI=es<\/u><\/p>\n<p>Mozilla Firefox: <u>https:\/\/support.moziIIa.org\/es\/kb\/habilitar-y-deshabilitar-cookies-sitios-web-rastrear-<\/u> <u>preferencias?redirectslug=habiIitar-y-deshabiIitar-cookies-que-Ios-sitios-we&amp;redirectIocaIe=es<\/u><\/p>\n<p>Internet Explorer: <u>https:\/\/support.microsoft.com\/es-es\/topic\/eIiminar-y-administrar-cookies-168dab11-0753-043d-<\/u> <u>7c16-ede5947fc64d<\/u><\/p>\n<p>Safari: <u>https:\/\/support.appIe.com\/es-es\/guide\/safari\/sfri11471\/mac<\/u><\/p>\n<p>Safari para IOS (iPhone y iPad): <u>https:\/\/support.appIe.com\/es-es\/HT201265<\/u><\/p>\n<p>Chrome para Android: <u>https:\/\/support.googIe.com\/chrome\/answer\/114662?hI=es&amp;visit_id=637400243735165235-<\/u> <u>3593560368&amp;rd=1<\/u><\/p>\n<p>No obstante, la inhabilitaci\u00f3n de las cookies podr\u00eda modificar el funcionamiento del sitio web. En caso de bloquear el uso de cookies en su navegador es posible que algunos servicios o funcionalidades del sitio web no est\u00e9n disponibles.<\/p>\n<p>Actualizaci\u00f3n de la pol\u00edtica de cookies<\/p>\n<p>En el caso de que las caracter\u00edsticas o fines de uso de las cookies de esta p\u00e1gina web sean modificadas, se le informar\u00e1 acerca de esos cambios con el fin de recabar nuevamente su consentimiento en aquellos casos en que fuese necesario.<\/p>\n<p>Only two pages were converted.<\/p>\n<p>Please <strong>Sign Up <\/strong>to convert the full document.<\/p>\n<p><a href=\"https:\/\/www.freepdfconvert.com\/membership\"><strong>www.freepdfconvert.com\/membership<\/strong><\/a><\/p>\n","protected":false},"excerpt":{"rendered":"<p>Informaci\u00f3n detallada del tratamiento de los Datos Personales Se recogen Datos Personales para las siguientes finalidades y utilizando los siguientes servicios: Estad\u00edsticas Los servicios contenidos en esta secci\u00f3n permiten al Titular monitorizar y analizar el tr\u00e1fico web y pueden ser utilizados para rastrear el comportamiento del Usuario. &nbsp; Google Analytics (Google Inc.) Google Analytics es [&hellip;]<\/p>\n","protected":false},"author":8,"featured_media":0,"parent":0,"menu_order":96,"comment_status":"closed","ping_status":"closed","template":"","meta":{"footnotes":""},"class_list":["post-1066","page","type-page","status-publish","hentry"],"yoast_head":"<!-- This site is optimized with the Yoast SEO plugin v27.3 - https:\/\/yoast.com\/product\/yoast-seo-wordpress\/ -->\n<title>Cookie policy ~ Plaza Hotel SPA ~<\/title>\n<meta name=\"description\" content=\"Informaci\u00f3n detallada del tratamiento de los Datos Personales  Se recogen Datos Personales para las siguientes finalidades y utilizando los siguientes servicios: Estad\u00edsticas  Los servicios contenidos en esta secci\u00f3n permiten al Titular monitorizar y analizar el tr\u00e1fico web y pueden ser utilizados para rastrear el comportamiento del Usuario.  [dedge_macaron_cookie_declaration]  &nbsp;  Google Analytics (Google Inc.)  Google Analytics es un servicio de an\u00e1lisis web prestado por Google Inc. (\u201cGoogle\u201d)\" \/>\n<meta name=\"robots\" content=\"index, follow, max-snippet:-1, max-image-preview:large, max-video-preview:-1\" \/>\n<link rel=\"canonical\" href=\"https:\/\/www.hotelplaza.es\/en\/cookie-policy\/\" \/>\n<meta property=\"og:locale\" content=\"en_US\" \/>\n<meta property=\"og:type\" content=\"article\" \/>\n<meta property=\"og:title\" content=\"Cookie policy ~ Plaza Hotel SPA ~\" \/>\n<meta property=\"og:description\" content=\"Informaci\u00f3n detallada del tratamiento de los Datos Personales  Se recogen Datos Personales para las siguientes finalidades y utilizando los siguientes servicios: Estad\u00edsticas  Los servicios contenidos en esta secci\u00f3n permiten al Titular monitorizar y analizar el tr\u00e1fico web y pueden ser utilizados para rastrear el comportamiento del Usuario.  [dedge_macaron_cookie_declaration]  &nbsp;  Google Analytics (Google Inc.)  Google Analytics es un servicio de an\u00e1lisis web prestado por Google Inc. (\u201cGoogle\u201d)\" \/>\n<meta property=\"og:url\" content=\"https:\/\/www.hotelplaza.es\/en\/cookie-policy\/\" \/>\n<meta property=\"og:site_name\" content=\"Plaza Hotel SPA\" \/>\n<meta property=\"article:publisher\" content=\"https:\/\/www.facebook.com\/HOTELPLAZACORUNA\" \/>\n<meta property=\"article:modified_time\" content=\"2024-05-27T13:00:32+00:00\" \/>\n<meta name=\"twitter:card\" content=\"summary_large_image\" \/>\n<meta name=\"twitter:site\" content=\"@plazacoruna\" \/>\n<meta name=\"twitter:label1\" content=\"Est. reading time\" \/>\n\t<meta name=\"twitter:data1\" content=\"2 minutes\" \/>\n<script type=\"application\/ld+json\" class=\"yoast-schema-graph\">{\"@context\":\"https:\\\/\\\/schema.org\",\"@graph\":[{\"@type\":\"WebPage\",\"@id\":\"https:\\\/\\\/www.hotelplaza.es\\\/en\\\/cookie-policy\\\/\",\"url\":\"https:\\\/\\\/www.hotelplaza.es\\\/en\\\/cookie-policy\\\/\",\"name\":\"Cookie policy ~ Plaza Hotel SPA ~\",\"isPartOf\":{\"@id\":\"https:\\\/\\\/www.hotelplaza.es\\\/en\\\/#website\"},\"datePublished\":\"2024-05-27T12:56:20+00:00\",\"dateModified\":\"2024-05-27T13:00:32+00:00\",\"description\":\"Informaci\u00f3n detallada del tratamiento de los Datos Personales Se recogen Datos Personales para las siguientes finalidades y utilizando los siguientes servicios: Estad\u00edsticas Los servicios contenidos en esta secci\u00f3n permiten al Titular monitorizar y analizar el tr\u00e1fico web y pueden ser utilizados para rastrear el comportamiento del Usuario. [dedge_macaron_cookie_declaration] &nbsp; Google Analytics (Google Inc.) Google Analytics es un servicio de an\u00e1lisis web prestado por Google Inc. (\u201cGoogle\u201d)\",\"breadcrumb\":{\"@id\":\"https:\\\/\\\/www.hotelplaza.es\\\/en\\\/cookie-policy\\\/#breadcrumb\"},\"inLanguage\":\"en-US\",\"potentialAction\":[{\"@type\":\"ReadAction\",\"target\":[\"https:\\\/\\\/www.hotelplaza.es\\\/en\\\/cookie-policy\\\/\"]}]},{\"@type\":\"BreadcrumbList\",\"@id\":\"https:\\\/\\\/www.hotelplaza.es\\\/en\\\/cookie-policy\\\/#breadcrumb\",\"itemListElement\":[{\"@type\":\"ListItem\",\"position\":1,\"name\":\"Home\",\"item\":\"https:\\\/\\\/www.hotelplaza.es\\\/en\\\/\"},{\"@type\":\"ListItem\",\"position\":2,\"name\":\"Cookie policy\"}]},{\"@type\":\"WebSite\",\"@id\":\"https:\\\/\\\/www.hotelplaza.es\\\/en\\\/#website\",\"url\":\"https:\\\/\\\/www.hotelplaza.es\\\/en\\\/\",\"name\":\"Plaza Hotel SPA\",\"description\":\"\",\"publisher\":{\"@id\":\"https:\\\/\\\/www.hotelplaza.es\\\/en\\\/#organization\"},\"potentialAction\":[{\"@type\":\"SearchAction\",\"target\":{\"@type\":\"EntryPoint\",\"urlTemplate\":\"https:\\\/\\\/www.hotelplaza.es\\\/en\\\/?s={search_term_string}\"},\"query-input\":{\"@type\":\"PropertyValueSpecification\",\"valueRequired\":true,\"valueName\":\"search_term_string\"}}],\"inLanguage\":\"en-US\"},{\"@type\":\"Organization\",\"@id\":\"https:\\\/\\\/www.hotelplaza.es\\\/en\\\/#organization\",\"name\":\"Plaza Hotel SPA\",\"url\":\"https:\\\/\\\/www.hotelplaza.es\\\/en\\\/\",\"logo\":{\"@type\":\"ImageObject\",\"inLanguage\":\"en-US\",\"@id\":\"https:\\\/\\\/www.hotelplaza.es\\\/en\\\/#\\\/schema\\\/logo\\\/image\\\/\",\"url\":\"https:\\\/\\\/www.hotelplaza.es\\\/wp-content\\\/uploads\\\/sites\\\/145\\\/2024\\\/05\\\/HotelPlaza_BrandPack-logo.png\",\"contentUrl\":\"https:\\\/\\\/www.hotelplaza.es\\\/wp-content\\\/uploads\\\/sites\\\/145\\\/2024\\\/05\\\/HotelPlaza_BrandPack-logo.png\",\"width\":2200,\"height\":868,\"caption\":\"Plaza Hotel SPA\"},\"image\":{\"@id\":\"https:\\\/\\\/www.hotelplaza.es\\\/en\\\/#\\\/schema\\\/logo\\\/image\\\/\"},\"sameAs\":[\"https:\\\/\\\/www.facebook.com\\\/HOTELPLAZACORUNA\",\"https:\\\/\\\/x.com\\\/plazacoruna\",\"https:\\\/\\\/www.instagram.com\\\/hotelplaza_coruna\\\/\"]}]}<\/script>\n<!-- \/ Yoast SEO plugin. -->","yoast_head_json":{"title":"Cookie policy ~ Plaza Hotel SPA ~","description":"Informaci\u00f3n detallada del tratamiento de los Datos Personales  Se recogen Datos Personales para las siguientes finalidades y utilizando los siguientes servicios: Estad\u00edsticas  Los servicios contenidos en esta secci\u00f3n permiten al Titular monitorizar y analizar el tr\u00e1fico web y pueden ser utilizados para rastrear el comportamiento del Usuario.  [dedge_macaron_cookie_declaration]  &nbsp;  Google Analytics (Google Inc.)  Google Analytics es un servicio de an\u00e1lisis web prestado por Google Inc. (\u201cGoogle\u201d)","robots":{"index":"index","follow":"follow","max-snippet":"max-snippet:-1","max-image-preview":"max-image-preview:large","max-video-preview":"max-video-preview:-1"},"canonical":"https:\/\/www.hotelplaza.es\/en\/cookie-policy\/","og_locale":"en_US","og_type":"article","og_title":"Cookie policy ~ Plaza Hotel SPA ~","og_description":"Informaci\u00f3n detallada del tratamiento de los Datos Personales  Se recogen Datos Personales para las siguientes finalidades y utilizando los siguientes servicios: Estad\u00edsticas  Los servicios contenidos en esta secci\u00f3n permiten al Titular monitorizar y analizar el tr\u00e1fico web y pueden ser utilizados para rastrear el comportamiento del Usuario.  [dedge_macaron_cookie_declaration]  &nbsp;  Google Analytics (Google Inc.)  Google Analytics es un servicio de an\u00e1lisis web prestado por Google Inc. (\u201cGoogle\u201d)","og_url":"https:\/\/www.hotelplaza.es\/en\/cookie-policy\/","og_site_name":"Plaza Hotel SPA","article_publisher":"https:\/\/www.facebook.com\/HOTELPLAZACORUNA","article_modified_time":"2024-05-27T13:00:32+00:00","twitter_card":"summary_large_image","twitter_site":"@plazacoruna","twitter_misc":{"Est. reading time":"2 minutes"},"schema":{"@context":"https:\/\/schema.org","@graph":[{"@type":"WebPage","@id":"https:\/\/www.hotelplaza.es\/en\/cookie-policy\/","url":"https:\/\/www.hotelplaza.es\/en\/cookie-policy\/","name":"Cookie policy ~ Plaza Hotel SPA ~","isPartOf":{"@id":"https:\/\/www.hotelplaza.es\/en\/#website"},"datePublished":"2024-05-27T12:56:20+00:00","dateModified":"2024-05-27T13:00:32+00:00","description":"Informaci\u00f3n detallada del tratamiento de los Datos Personales Se recogen Datos Personales para las siguientes finalidades y utilizando los siguientes servicios: Estad\u00edsticas Los servicios contenidos en esta secci\u00f3n permiten al Titular monitorizar y analizar el tr\u00e1fico web y pueden ser utilizados para rastrear el comportamiento del Usuario. [dedge_macaron_cookie_declaration] &nbsp; Google Analytics (Google Inc.) Google Analytics es un servicio de an\u00e1lisis web prestado por Google Inc. (\u201cGoogle\u201d)","breadcrumb":{"@id":"https:\/\/www.hotelplaza.es\/en\/cookie-policy\/#breadcrumb"},"inLanguage":"en-US","potentialAction":[{"@type":"ReadAction","target":["https:\/\/www.hotelplaza.es\/en\/cookie-policy\/"]}]},{"@type":"BreadcrumbList","@id":"https:\/\/www.hotelplaza.es\/en\/cookie-policy\/#breadcrumb","itemListElement":[{"@type":"ListItem","position":1,"name":"Home","item":"https:\/\/www.hotelplaza.es\/en\/"},{"@type":"ListItem","position":2,"name":"Cookie policy"}]},{"@type":"WebSite","@id":"https:\/\/www.hotelplaza.es\/en\/#website","url":"https:\/\/www.hotelplaza.es\/en\/","name":"Plaza Hotel SPA","description":"","publisher":{"@id":"https:\/\/www.hotelplaza.es\/en\/#organization"},"potentialAction":[{"@type":"SearchAction","target":{"@type":"EntryPoint","urlTemplate":"https:\/\/www.hotelplaza.es\/en\/?s={search_term_string}"},"query-input":{"@type":"PropertyValueSpecification","valueRequired":true,"valueName":"search_term_string"}}],"inLanguage":"en-US"},{"@type":"Organization","@id":"https:\/\/www.hotelplaza.es\/en\/#organization","name":"Plaza Hotel SPA","url":"https:\/\/www.hotelplaza.es\/en\/","logo":{"@type":"ImageObject","inLanguage":"en-US","@id":"https:\/\/www.hotelplaza.es\/en\/#\/schema\/logo\/image\/","url":"https:\/\/www.hotelplaza.es\/wp-content\/uploads\/sites\/145\/2024\/05\/HotelPlaza_BrandPack-logo.png","contentUrl":"https:\/\/www.hotelplaza.es\/wp-content\/uploads\/sites\/145\/2024\/05\/HotelPlaza_BrandPack-logo.png","width":2200,"height":868,"caption":"Plaza Hotel SPA"},"image":{"@id":"https:\/\/www.hotelplaza.es\/en\/#\/schema\/logo\/image\/"},"sameAs":["https:\/\/www.facebook.com\/HOTELPLAZACORUNA","https:\/\/x.com\/plazacoruna","https:\/\/www.instagram.com\/hotelplaza_coruna\/"]}]}},"acf":[],"_links":{"self":[{"href":"https:\/\/www.hotelplaza.es\/en\/wp-json\/wp\/v2\/pages\/1066","targetHints":{"allow":["GET"]}}],"collection":[{"href":"https:\/\/www.hotelplaza.es\/en\/wp-json\/wp\/v2\/pages"}],"about":[{"href":"https:\/\/www.hotelplaza.es\/en\/wp-json\/wp\/v2\/types\/page"}],"author":[{"embeddable":true,"href":"https:\/\/www.hotelplaza.es\/en\/wp-json\/wp\/v2\/users\/8"}],"replies":[{"embeddable":true,"href":"https:\/\/www.hotelplaza.es\/en\/wp-json\/wp\/v2\/comments?post=1066"}],"version-history":[{"count":0,"href":"https:\/\/www.hotelplaza.es\/en\/wp-json\/wp\/v2\/pages\/1066\/revisions"}],"wp:attachment":[{"href":"https:\/\/www.hotelplaza.es\/en\/wp-json\/wp\/v2\/media?parent=1066"}],"curies":[{"name":"wp","href":"https:\/\/api.w.org\/{rel}","templated":true}]}}